{"id":765,"date":"2024-07-23T16:20:58","date_gmt":"2024-07-23T14:20:58","guid":{"rendered":"https:\/\/www.scenepodium.com\/?page_id=765"},"modified":"2024-08-08T17:11:54","modified_gmt":"2024-08-08T15:11:54","slug":"nos-evenements","status":"publish","type":"page","link":"https:\/\/www.scenepodium.com\/?page_id=765","title":{"rendered":"Nos \u00e9v\u00e9nements"},"content":{"rendered":"<p>[et_pb_section fb_built=\u00a0\u00bb1&Prime; _builder_version=\u00a0\u00bb4.25.2&Prime; _module_preset=\u00a0\u00bbdefault\u00a0\u00bb background_image=\u00a0\u00bbhttps:\/\/www.scenepodium.com\/wp-content\/uploads\/2021\/07\/antoine-julien-jykPWjjJqFw-unsplash-scaled-e1629186861890.jpg\u00a0\u00bb min_height=\u00a0\u00bb200px\u00a0\u00bb global_colors_info=\u00a0\u00bb{}\u00a0\u00bb][et_pb_row _builder_version=\u00a0\u00bb4.25.2&Prime; _module_preset=\u00a0\u00bbdefault\u00a0\u00bb global_colors_info=\u00a0\u00bb{}\u00a0\u00bb][et_pb_column type=\u00a0\u00bb4_4&Prime; _builder_version=\u00a0\u00bb4.25.2&Prime; _module_preset=\u00a0\u00bbdefault\u00a0\u00bb global_colors_info=\u00a0\u00bb{}\u00a0\u00bb][et_pb_text content_tablet=\u00a0\u00bb<\/p>\n<p>Nos \u00e9v\u00e8nements<\/p>\n<p>\u00a0\u00bb content_phone=\u00a0\u00bb<\/p>\n<p>Nos \u00e9v\u00e8nements<\/p>\n<p>\u00a0\u00bb content_last_edited=\u00a0\u00bbon|desktop\u00a0\u00bb _builder_version=\u00a0\u00bb4.25.2&Prime; _module_preset=\u00a0\u00bbdefault\u00a0\u00bb text_text_color=\u00a0\u00bb#000000&Prime; text_font_size=\u00a0\u00bb85px\u00a0\u00bb text_orientation=\u00a0\u00bbcenter\u00a0\u00bb custom_margin=\u00a0\u00bb||-3px|||\u00a0\u00bb text_font_size_tablet=\u00a0\u00bb47px\u00a0\u00bb text_font_size_phone=\u00a0\u00bb35px\u00a0\u00bb text_font_size_last_edited=\u00a0\u00bbon|desktop\u00a0\u00bb global_colors_info=\u00a0\u00bb{}\u00a0\u00bb]<\/p>\n<p><strong><\/strong><\/p>\n<p><strong>Nos \u00e9v\u00e8nements<\/strong><\/p>\n<p><strong><\/strong><\/p>\n<p>[\/et_pb_text][\/et_pb_column][\/et_pb_row][\/et_pb_section][et_pb_section fb_built=\u00a0\u00bb1&Prime; admin_label=\u00a0\u00bbAbout\u00a0\u00bb _builder_version=\u00a0\u00bb4.24.0&Prime; _module_preset=\u00a0\u00bbdefault\u00a0\u00bb background_color=\u00a0\u00bbgcid-36a744c3-3bc0-47a4-9493-942b5d904b59&Prime; custom_padding=\u00a0\u00bb1px||||false|false\u00a0\u00bb collapsed=\u00a0\u00bbon\u00a0\u00bb global_colors_info=\u00a0\u00bb{%22gcid-36a744c3-3bc0-47a4-9493-942b5d904b59%22:%91%22background_color%22%93}\u00a0\u00bb][et_pb_row _builder_version=\u00a0\u00bb4.25.2&Prime; _module_preset=\u00a0\u00bbdefault\u00a0\u00bb global_colors_info=\u00a0\u00bb{}\u00a0\u00bb][et_pb_column type=\u00a0\u00bb4_4&Prime; _builder_version=\u00a0\u00bb4.25.2&Prime; _module_preset=\u00a0\u00bbdefault\u00a0\u00bb global_colors_info=\u00a0\u00bb{}\u00a0\u00bb][et_pb_text _builder_version=\u00a0\u00bb4.25.2&Prime; _module_preset=\u00a0\u00bbdefault\u00a0\u00bb global_colors_info=\u00a0\u00bb{}\u00a0\u00bb]<\/p>\n<p><span style=\"font-size: x-large; color: #000000;\">SCENE PODIUM au c\u0153ur de vos \u00e9v\u00e8nements<\/span><\/p>\n<p>[\/et_pb_text][\/et_pb_column][\/et_pb_row][et_pb_row column_structure=\u00a0\u00bb1_3,1_3,1_3&Prime; _builder_version=\u00a0\u00bb4.25.2&Prime; _module_preset=\u00a0\u00bbdefault\u00a0\u00bb global_colors_info=\u00a0\u00bb{}\u00a0\u00bb][et_pb_column type=\u00a0\u00bb1_3&Prime; _builder_version=\u00a0\u00bb4.25.2&Prime; _module_preset=\u00a0\u00bbdefault\u00a0\u00bb global_colors_info=\u00a0\u00bb{}\u00a0\u00bb][et_pb_image src=\u00a0\u00bbhttps:\/\/www.scenepodium.com\/wp-content\/uploads\/2024\/07\/8.png\u00a0\u00bb title_text=\u00a0\u00bb8&Prime; _builder_version=\u00a0\u00bb4.25.2&Prime; _module_preset=\u00a0\u00bbdefault\u00a0\u00bb global_colors_info=\u00a0\u00bb{}\u00a0\u00bb][\/et_pb_image][et_pb_image src=\u00a0\u00bbhttps:\/\/www.scenepodium.com\/wp-content\/uploads\/2024\/08\/Design-sans-titre-2024-08-02T120548.077.png\u00a0\u00bb title_text=\u00a0\u00bbDesign sans titre &#8211; 2024-08-02T120548.077&Prime; _builder_version=\u00a0\u00bb4.25.2&Prime; _module_preset=\u00a0\u00bbdefault\u00a0\u00bb global_colors_info=\u00a0\u00bb{}\u00a0\u00bb][\/et_pb_image][et_pb_image src=\u00a0\u00bbhttps:\/\/www.scenepodium.com\/wp-content\/uploads\/2024\/07\/12.png\u00a0\u00bb title_text=\u00a0\u00bb12&Prime; _builder_version=\u00a0\u00bb4.25.2&Prime; _module_preset=\u00a0\u00bbdefault\u00a0\u00bb global_colors_info=\u00a0\u00bb{}\u00a0\u00bb][\/et_pb_image][et_pb_image src=\u00a0\u00bbhttps:\/\/www.scenepodium.com\/wp-content\/uploads\/2024\/07\/7.png\u00a0\u00bb title_text=\u00a0\u00bb7&Prime; _builder_version=\u00a0\u00bb4.25.2&Prime; _module_preset=\u00a0\u00bbdefault\u00a0\u00bb global_colors_info=\u00a0\u00bb{}\u00a0\u00bb][\/et_pb_image][et_pb_image src=\u00a0\u00bbhttps:\/\/www.scenepodium.com\/wp-content\/uploads\/2024\/07\/14.png\u00a0\u00bb title_text=\u00a0\u00bb14&Prime; _builder_version=\u00a0\u00bb4.25.2&Prime; _module_preset=\u00a0\u00bbdefault\u00a0\u00bb global_colors_info=\u00a0\u00bb{}\u00a0\u00bb][\/et_pb_image][et_pb_image src=\u00a0\u00bbhttps:\/\/www.scenepodium.com\/wp-content\/uploads\/2024\/07\/23.png\u00a0\u00bb title_text=\u00a0\u00bb23&Prime; _builder_version=\u00a0\u00bb4.25.2&Prime; _module_preset=\u00a0\u00bbdefault\u00a0\u00bb global_colors_info=\u00a0\u00bb{}\u00a0\u00bb][\/et_pb_image][\/et_pb_column][et_pb_column type=\u00a0\u00bb1_3&Prime; _builder_version=\u00a0\u00bb4.25.2&Prime; _module_preset=\u00a0\u00bbdefault\u00a0\u00bb global_colors_info=\u00a0\u00bb{}\u00a0\u00bb][et_pb_image src=\u00a0\u00bbhttps:\/\/www.scenepodium.com\/wp-content\/uploads\/2024\/07\/3.png\u00a0\u00bb title_text=\u00a0\u00bb3&Prime; _builder_version=\u00a0\u00bb4.25.2&Prime; _module_preset=\u00a0\u00bbdefault\u00a0\u00bb global_colors_info=\u00a0\u00bb{}\u00a0\u00bb][\/et_pb_image][et_pb_image src=\u00a0\u00bbhttps:\/\/www.scenepodium.com\/wp-content\/uploads\/2024\/07\/18.png\u00a0\u00bb title_text=\u00a0\u00bb18&Prime; _builder_version=\u00a0\u00bb4.25.2&Prime; _module_preset=\u00a0\u00bbdefault\u00a0\u00bb global_colors_info=\u00a0\u00bb{}\u00a0\u00bb][\/et_pb_image][et_pb_image src=\u00a0\u00bbhttps:\/\/www.scenepodium.com\/wp-content\/uploads\/2024\/07\/14.png\u00a0\u00bb title_text=\u00a0\u00bb14&Prime; _builder_version=\u00a0\u00bb4.25.2&Prime; _module_preset=\u00a0\u00bbdefault\u00a0\u00bb global_colors_info=\u00a0\u00bb{}\u00a0\u00bb][\/et_pb_image][et_pb_image src=\u00a0\u00bbhttps:\/\/www.scenepodium.com\/wp-content\/uploads\/2024\/07\/17.png\u00a0\u00bb title_text=\u00a0\u00bb17&Prime; _builder_version=\u00a0\u00bb4.25.2&Prime; _module_preset=\u00a0\u00bbdefault\u00a0\u00bb global_colors_info=\u00a0\u00bb{}\u00a0\u00bb][\/et_pb_image][et_pb_image src=\u00a0\u00bbhttps:\/\/www.scenepodium.com\/wp-content\/uploads\/2024\/07\/11.png\u00a0\u00bb title_text=\u00a0\u00bb11&Prime; _builder_version=\u00a0\u00bb4.25.2&Prime; _module_preset=\u00a0\u00bbdefault\u00a0\u00bb global_colors_info=\u00a0\u00bb{}\u00a0\u00bb][\/et_pb_image][et_pb_image src=\u00a0\u00bbhttps:\/\/www.scenepodium.com\/wp-content\/uploads\/2024\/08\/Design-sans-titre-2024-08-02T120330.676.png\u00a0\u00bb title_text=\u00a0\u00bbDesign sans titre &#8211; 2024-08-02T120330.676&Prime; _builder_version=\u00a0\u00bb4.25.2&Prime; _module_preset=\u00a0\u00bbdefault\u00a0\u00bb global_colors_info=\u00a0\u00bb{}\u00a0\u00bb][\/et_pb_image][\/et_pb_column][et_pb_column type=\u00a0\u00bb1_3&Prime; _builder_version=\u00a0\u00bb4.25.2&Prime; _module_preset=\u00a0\u00bbdefault\u00a0\u00bb global_colors_info=\u00a0\u00bb{}\u00a0\u00bb][et_pb_image src=\u00a0\u00bbhttps:\/\/www.scenepodium.com\/wp-content\/uploads\/2024\/07\/9-1.png\u00a0\u00bb title_text=\u00a0\u00bb9&Prime; _builder_version=\u00a0\u00bb4.25.2&Prime; _module_preset=\u00a0\u00bbdefault\u00a0\u00bb global_colors_info=\u00a0\u00bb{}\u00a0\u00bb][\/et_pb_image][et_pb_image src=\u00a0\u00bbhttps:\/\/www.scenepodium.com\/wp-content\/uploads\/2024\/08\/Design-sans-titre-2024-08-02T120319.714.png\u00a0\u00bb title_text=\u00a0\u00bbDesign sans titre &#8211; 2024-08-02T120319.714&Prime; _builder_version=\u00a0\u00bb4.25.2&Prime; _module_preset=\u00a0\u00bbdefault\u00a0\u00bb global_colors_info=\u00a0\u00bb{}\u00a0\u00bb][\/et_pb_image][et_pb_image src=\u00a0\u00bbhttps:\/\/www.scenepodium.com\/wp-content\/uploads\/2024\/08\/Design-sans-titre-2024-08-08T163130.527.png\u00a0\u00bb title_text=\u00a0\u00bbDesign sans titre &#8211; 2024-08-08T163130.527&Prime; _builder_version=\u00a0\u00bb4.25.2&Prime; _module_preset=\u00a0\u00bbdefault\u00a0\u00bb hover_enabled=\u00a0\u00bb0&Prime; global_colors_info=\u00a0\u00bb{}\u00a0\u00bb sticky_enabled=\u00a0\u00bb0&Prime;][\/et_pb_image][et_pb_image src=\u00a0\u00bbhttps:\/\/www.scenepodium.com\/wp-content\/uploads\/2024\/07\/Design-sans-titre-2024-07-23T161121.704.png\u00a0\u00bb title_text=\u00a0\u00bbDesign sans titre &#8211; 2024-07-23T161121.704&Prime; _builder_version=\u00a0\u00bb4.25.2&Prime; _module_preset=\u00a0\u00bbdefault\u00a0\u00bb global_colors_info=\u00a0\u00bb{}\u00a0\u00bb][\/et_pb_image][et_pb_image src=\u00a0\u00bbhttps:\/\/www.scenepodium.com\/wp-content\/uploads\/2024\/07\/20.png\u00a0\u00bb title_text=\u00a0\u00bb20&Prime; _builder_version=\u00a0\u00bb4.25.2&Prime; _module_preset=\u00a0\u00bbdefault\u00a0\u00bb global_colors_info=\u00a0\u00bb{}\u00a0\u00bb][\/et_pb_image][et_pb_image src=\u00a0\u00bbhttps:\/\/www.scenepodium.com\/wp-content\/uploads\/2024\/07\/Design-sans-titre-2024-07-23T161134.690.png\u00a0\u00bb title_text=\u00a0\u00bbDesign sans titre &#8211; 2024-07-23T161134.690&Prime; _builder_version=\u00a0\u00bb4.25.2&Prime; _module_preset=\u00a0\u00bbdefault\u00a0\u00bb global_colors_info=\u00a0\u00bb{}\u00a0\u00bb][\/et_pb_image][\/et_pb_column][\/et_pb_row][et_pb_row column_structure=\u00a0\u00bb1_2,1_2&Prime; _builder_version=\u00a0\u00bb4.25.2&Prime; _module_preset=\u00a0\u00bbdefault\u00a0\u00bb global_colors_info=\u00a0\u00bb{}\u00a0\u00bb][et_pb_column type=\u00a0\u00bb1_2&Prime; _builder_version=\u00a0\u00bb4.25.2&Prime; _module_preset=\u00a0\u00bbdefault\u00a0\u00bb global_colors_info=\u00a0\u00bb{}\u00a0\u00bb][et_pb_video src=\u00a0\u00bbhttps:\/\/www.scenepodium.com\/wp-content\/uploads\/2024\/08\/RPReplay_Final1722604914.mov\u00a0\u00bb _builder_version=\u00a0\u00bb4.25.2&Prime; _module_preset=\u00a0\u00bbdefault\u00a0\u00bb global_colors_info=\u00a0\u00bb{}\u00a0\u00bb][\/et_pb_video][\/et_pb_column][et_pb_column type=\u00a0\u00bb1_2&Prime; _builder_version=\u00a0\u00bb4.25.2&Prime; _module_preset=\u00a0\u00bbdefault\u00a0\u00bb global_colors_info=\u00a0\u00bb{}\u00a0\u00bb][et_pb_video src=\u00a0\u00bbhttps:\/\/www.scenepodium.com\/wp-content\/uploads\/2024\/08\/RPReplay_Final1722605428.mov\u00a0\u00bb _builder_version=\u00a0\u00bb4.25.2&Prime; _module_preset=\u00a0\u00bbdefault\u00a0\u00bb global_colors_info=\u00a0\u00bb{}\u00a0\u00bb][\/et_pb_video][\/et_pb_column][\/et_pb_row][\/et_pb_section][et_pb_section fb_built=\u00a0\u00bb1&Prime; admin_label=\u00a0\u00bbServices\u00a0\u00bb _builder_version=\u00a0\u00bb4.24.0&Prime; _module_preset=\u00a0\u00bbdefault\u00a0\u00bb use_background_color_gradient=\u00a0\u00bbon\u00a0\u00bb background_color_gradient_direction=\u00a0\u00bb90deg\u00a0\u00bb background_color_gradient_stops=\u00a0\u00bbrgba(21,37,50,0.8) 0%|rgba(21,37,50,0.8) 100%\u00a0\u00bb background_color_gradient_overlays_image=\u00a0\u00bbon\u00a0\u00bb background_image=\u00a0\u00bbhttps:\/\/www.scenepodium.com\/wp-content\/uploads\/2024\/07\/repairman-03.jpg\u00a0\u00bb parallax=\u00a0\u00bbon\u00a0\u00bb custom_padding=\u00a0\u00bb0px||0px||true|false\u00a0\u00bb collapsed=\u00a0\u00bbon\u00a0\u00bb global_colors_info=\u00a0\u00bb{%22gcid-36a744c3-3bc0-47a4-9493-942b5d904b59%22:%91%22background_color_gradient_stops%22%93}\u00a0\u00bb][\/et_pb_section]<\/p>\n","protected":false},"excerpt":{"rendered":"<p>Nos \u00e9v\u00e8nements SCENE PODIUM au c\u0153ur de vos \u00e9v\u00e8nements<\/p>\n","protected":false},"author":1,"featured_media":0,"parent":0,"menu_order":0,"comment_status":"closed","ping_status":"closed","template":"","meta":{"_et_pb_use_builder":"on","_et_pb_old_content":"","_et_gb_content_width":"","footnotes":""},"class_list":["post-765","page","type-page","status-publish","hentry"],"yoast_head":"<!-- This site is optimized with the Yoast SEO plugin v26.7 - https:\/\/yoast.com\/wordpress\/plugins\/seo\/ -->\n<title>Nos \u00e9v\u00e9nements - Sc\u00e8ne-Podium.com<\/title>\n<meta name=\"robots\" content=\"index, follow, max-snippet:-1, max-image-preview:large, max-video-preview:-1\" \/>\n<link rel=\"canonical\" href=\"https:\/\/www.scenepodium.com\/?page_id=765\" \/>\n<meta property=\"og:locale\" content=\"fr_FR\" \/>\n<meta property=\"og:type\" content=\"article\" \/>\n<meta property=\"og:title\" content=\"Nos \u00e9v\u00e9nements - Sc\u00e8ne-Podium.com\" \/>\n<meta property=\"og:description\" content=\"Nos \u00e9v\u00e8nements SCENE PODIUM au c\u0153ur de vos \u00e9v\u00e8nements\" \/>\n<meta property=\"og:url\" content=\"https:\/\/www.scenepodium.com\/?page_id=765\" \/>\n<meta property=\"og:site_name\" content=\"Sc\u00e8ne-Podium.com\" \/>\n<meta property=\"article:modified_time\" content=\"2024-08-08T15:11:54+00:00\" \/>\n<meta name=\"twitter:card\" content=\"summary_large_image\" \/>\n<script type=\"application\/ld+json\" class=\"yoast-schema-graph\">{\"@context\":\"https:\/\/schema.org\",\"@graph\":[{\"@type\":\"WebPage\",\"@id\":\"https:\/\/www.scenepodium.com\/?page_id=765\",\"url\":\"https:\/\/www.scenepodium.com\/?page_id=765\",\"name\":\"Nos \u00e9v\u00e9nements - Sc\u00e8ne-Podium.com\",\"isPartOf\":{\"@id\":\"https:\/\/www.scenepodium.com\/#website\"},\"datePublished\":\"2024-07-23T14:20:58+00:00\",\"dateModified\":\"2024-08-08T15:11:54+00:00\",\"breadcrumb\":{\"@id\":\"https:\/\/www.scenepodium.com\/?page_id=765#breadcrumb\"},\"inLanguage\":\"fr-FR\",\"potentialAction\":[{\"@type\":\"ReadAction\",\"target\":[\"https:\/\/www.scenepodium.com\/?page_id=765\"]}]},{\"@type\":\"BreadcrumbList\",\"@id\":\"https:\/\/www.scenepodium.com\/?page_id=765#breadcrumb\",\"itemListElement\":[{\"@type\":\"ListItem\",\"position\":1,\"name\":\"Accueil\",\"item\":\"https:\/\/www.scenepodium.com\/\"},{\"@type\":\"ListItem\",\"position\":2,\"name\":\"Nos \u00e9v\u00e9nements\"}]},{\"@type\":\"WebSite\",\"@id\":\"https:\/\/www.scenepodium.com\/#website\",\"url\":\"https:\/\/www.scenepodium.com\/\",\"name\":\"Sc\u00e8ne-Podium.com\",\"description\":\"Le partenaire de vos \u00e9v\u00e8nements\",\"publisher\":{\"@id\":\"https:\/\/www.scenepodium.com\/#organization\"},\"potentialAction\":[{\"@type\":\"SearchAction\",\"target\":{\"@type\":\"EntryPoint\",\"urlTemplate\":\"https:\/\/www.scenepodium.com\/?s={search_term_string}\"},\"query-input\":{\"@type\":\"PropertyValueSpecification\",\"valueRequired\":true,\"valueName\":\"search_term_string\"}}],\"inLanguage\":\"fr-FR\"},{\"@type\":\"Organization\",\"@id\":\"https:\/\/www.scenepodium.com\/#organization\",\"name\":\"Sc\u00e8ne Podium\",\"url\":\"https:\/\/www.scenepodium.com\/\",\"logo\":{\"@type\":\"ImageObject\",\"inLanguage\":\"fr-FR\",\"@id\":\"https:\/\/www.scenepodium.com\/#\/schema\/logo\/image\/\",\"url\":\"https:\/\/www.scenepodium.com\/wp-content\/uploads\/2021\/09\/received_167632055518016-1.jpeg\",\"contentUrl\":\"https:\/\/www.scenepodium.com\/wp-content\/uploads\/2021\/09\/received_167632055518016-1.jpeg\",\"width\":400,\"height\":370,\"caption\":\"Sc\u00e8ne Podium\"},\"image\":{\"@id\":\"https:\/\/www.scenepodium.com\/#\/schema\/logo\/image\/\"}}]}<\/script>\n<!-- \/ Yoast SEO plugin. -->","yoast_head_json":{"title":"Nos \u00e9v\u00e9nements - Sc\u00e8ne-Podium.com","robots":{"index":"index","follow":"follow","max-snippet":"max-snippet:-1","max-image-preview":"max-image-preview:large","max-video-preview":"max-video-preview:-1"},"canonical":"https:\/\/www.scenepodium.com\/?page_id=765","og_locale":"fr_FR","og_type":"article","og_title":"Nos \u00e9v\u00e9nements - Sc\u00e8ne-Podium.com","og_description":"Nos \u00e9v\u00e8nements SCENE PODIUM au c\u0153ur de vos \u00e9v\u00e8nements","og_url":"https:\/\/www.scenepodium.com\/?page_id=765","og_site_name":"Sc\u00e8ne-Podium.com","article_modified_time":"2024-08-08T15:11:54+00:00","twitter_card":"summary_large_image","schema":{"@context":"https:\/\/schema.org","@graph":[{"@type":"WebPage","@id":"https:\/\/www.scenepodium.com\/?page_id=765","url":"https:\/\/www.scenepodium.com\/?page_id=765","name":"Nos \u00e9v\u00e9nements - Sc\u00e8ne-Podium.com","isPartOf":{"@id":"https:\/\/www.scenepodium.com\/#website"},"datePublished":"2024-07-23T14:20:58+00:00","dateModified":"2024-08-08T15:11:54+00:00","breadcrumb":{"@id":"https:\/\/www.scenepodium.com\/?page_id=765#breadcrumb"},"inLanguage":"fr-FR","potentialAction":[{"@type":"ReadAction","target":["https:\/\/www.scenepodium.com\/?page_id=765"]}]},{"@type":"BreadcrumbList","@id":"https:\/\/www.scenepodium.com\/?page_id=765#breadcrumb","itemListElement":[{"@type":"ListItem","position":1,"name":"Accueil","item":"https:\/\/www.scenepodium.com\/"},{"@type":"ListItem","position":2,"name":"Nos \u00e9v\u00e9nements"}]},{"@type":"WebSite","@id":"https:\/\/www.scenepodium.com\/#website","url":"https:\/\/www.scenepodium.com\/","name":"Sc\u00e8ne-Podium.com","description":"Le partenaire de vos \u00e9v\u00e8nements","publisher":{"@id":"https:\/\/www.scenepodium.com\/#organization"},"potentialAction":[{"@type":"SearchAction","target":{"@type":"EntryPoint","urlTemplate":"https:\/\/www.scenepodium.com\/?s={search_term_string}"},"query-input":{"@type":"PropertyValueSpecification","valueRequired":true,"valueName":"search_term_string"}}],"inLanguage":"fr-FR"},{"@type":"Organization","@id":"https:\/\/www.scenepodium.com\/#organization","name":"Sc\u00e8ne Podium","url":"https:\/\/www.scenepodium.com\/","logo":{"@type":"ImageObject","inLanguage":"fr-FR","@id":"https:\/\/www.scenepodium.com\/#\/schema\/logo\/image\/","url":"https:\/\/www.scenepodium.com\/wp-content\/uploads\/2021\/09\/received_167632055518016-1.jpeg","contentUrl":"https:\/\/www.scenepodium.com\/wp-content\/uploads\/2021\/09\/received_167632055518016-1.jpeg","width":400,"height":370,"caption":"Sc\u00e8ne Podium"},"image":{"@id":"https:\/\/www.scenepodium.com\/#\/schema\/logo\/image\/"}}]}},"_links":{"self":[{"href":"https:\/\/www.scenepodium.com\/index.php?rest_route=\/wp\/v2\/pages\/765","targetHints":{"allow":["GET"]}}],"collection":[{"href":"https:\/\/www.scenepodium.com\/index.php?rest_route=\/wp\/v2\/pages"}],"about":[{"href":"https:\/\/www.scenepodium.com\/index.php?rest_route=\/wp\/v2\/types\/page"}],"author":[{"embeddable":true,"href":"https:\/\/www.scenepodium.com\/index.php?rest_route=\/wp\/v2\/users\/1"}],"replies":[{"embeddable":true,"href":"https:\/\/www.scenepodium.com\/index.php?rest_route=%2Fwp%2Fv2%2Fcomments&post=765"}],"version-history":[{"count":8,"href":"https:\/\/www.scenepodium.com\/index.php?rest_route=\/wp\/v2\/pages\/765\/revisions"}],"predecessor-version":[{"id":958,"href":"https:\/\/www.scenepodium.com\/index.php?rest_route=\/wp\/v2\/pages\/765\/revisions\/958"}],"wp:attachment":[{"href":"https:\/\/www.scenepodium.com\/index.php?rest_route=%2Fwp%2Fv2%2Fmedia&parent=765"}],"curies":[{"name":"wp","href":"https:\/\/api.w.org\/{rel}","templated":true}]}}