{"id":19,"date":"2021-07-29T13:11:39","date_gmt":"2021-07-29T11:11:39","guid":{"rendered":"https:\/\/www.scenepodium.com\/?page_id=19"},"modified":"2025-01-16T14:00:53","modified_gmt":"2025-01-16T13:00:53","slug":"contact-acces","status":"publish","type":"page","link":"https:\/\/www.scenepodium.com\/?page_id=19","title":{"rendered":"Contact &#038; acc\u00e8s"},"content":{"rendered":"<p>[et_pb_section fb_built=\u00a0\u00bb1&Prime; _builder_version=\u00a0\u00bb4.16&Prime; _module_preset=\u00a0\u00bbdefault\u00a0\u00bb background_image=\u00a0\u00bbhttps:\/\/www.scenepodium.com\/wp-content\/uploads\/2021\/07\/antoine-julien-jykPWjjJqFw-unsplash-scaled.jpg\u00a0\u00bb parallax=\u00a0\u00bbon\u00a0\u00bb parallax_method=\u00a0\u00bboff\u00a0\u00bb global_colors_info=\u00a0\u00bb{}\u00a0\u00bb][et_pb_row _builder_version=\u00a0\u00bb4.16&Prime; _module_preset=\u00a0\u00bbdefault\u00a0\u00bb global_colors_info=\u00a0\u00bb{}\u00a0\u00bb][et_pb_column type=\u00a0\u00bb4_4&Prime; _builder_version=\u00a0\u00bb4.16&Prime; _module_preset=\u00a0\u00bbdefault\u00a0\u00bb global_colors_info=\u00a0\u00bb{}\u00a0\u00bb][et_pb_text admin_label=\u00a0\u00bbTitle\u00a0\u00bb _builder_version=\u00a0\u00bb4.16&Prime; text_font=\u00a0\u00bb||||||||\u00a0\u00bb header_font=\u00a0\u00bb||||||||\u00a0\u00bb header_text_align=\u00a0\u00bbcenter\u00a0\u00bb header_2_font=\u00a0\u00bbMontserrat|600|||||||\u00a0\u00bb header_2_text_align=\u00a0\u00bbcenter\u00a0\u00bb header_2_font_size=\u00a0\u00bb40px\u00a0\u00bb header_2_line_height=\u00a0\u00bb1.5em\u00a0\u00bb max_width=\u00a0\u00bb800px\u00a0\u00bb module_alignment=\u00a0\u00bbcenter\u00a0\u00bb custom_margin=\u00a0\u00bb|||\u00a0\u00bb custom_padding=\u00a0\u00bb|||\u00a0\u00bb custom_padding_tablet=\u00a0\u00bb0px|10%||70px\u00a0\u00bb custom_padding_phone=\u00a0\u00bb0px|10%||50px\u00a0\u00bb custom_padding_last_edited=\u00a0\u00bboff|desktop\u00a0\u00bb header_2_font_size_tablet=\u00a0\u00bb35px\u00a0\u00bb header_2_font_size_phone=\u00a0\u00bb28px\u00a0\u00bb header_2_font_size_last_edited=\u00a0\u00bbon|phone\u00a0\u00bb header_2_line_height_tablet=\u00a0\u00bb1em\u00a0\u00bb header_2_line_height_phone=\u00a0\u00bb1.4em\u00a0\u00bb header_2_line_height_last_edited=\u00a0\u00bboff|desktop\u00a0\u00bb global_colors_info=\u00a0\u00bb{}\u00a0\u00bb]<\/p>\n<h2>Demande de renseignements<\/h2>\n<p>[\/et_pb_text][\/et_pb_column][\/et_pb_row][et_pb_row column_structure=\u00a0\u00bb1_2,1_2&Prime; _builder_version=\u00a0\u00bb4.27.4&Prime; _module_preset=\u00a0\u00bbdefault\u00a0\u00bb hover_enabled=\u00a0\u00bb0&Prime; global_colors_info=\u00a0\u00bb{}\u00a0\u00bb sticky_enabled=\u00a0\u00bb0&Prime;][et_pb_column type=\u00a0\u00bb1_2&Prime; _builder_version=\u00a0\u00bb4.16&Prime; _module_preset=\u00a0\u00bbdefault\u00a0\u00bb global_colors_info=\u00a0\u00bb{}\u00a0\u00bb][et_pb_contact_form _builder_version=\u00a0\u00bb4.27.4&Prime; _module_preset=\u00a0\u00bbdefault\u00a0\u00bb _unique_id=\u00a0\u00bb22623e53-bd57-4aa7-87da-c5c1da09a00d\u00a0\u00bb hover_enabled=\u00a0\u00bb0&Prime; global_colors_info=\u00a0\u00bb{}\u00a0\u00bb email=\u00a0\u00bbscenepodium@gmail.com\u00a0\u00bb sticky_enabled=\u00a0\u00bb0&Prime;][et_pb_contact_field field_id=\u00a0\u00bbNom\u00a0\u00bb field_title=\u00a0\u00bbNom\u00a0\u00bb fullwidth_field=\u00a0\u00bbon\u00a0\u00bb _builder_version=\u00a0\u00bb4.27.4&Prime; _module_preset=\u00a0\u00bbdefault\u00a0\u00bb global_colors_info=\u00a0\u00bb{}\u00a0\u00bb][\/et_pb_contact_field][et_pb_contact_field field_id=\u00a0\u00bbPr\u00e9nom\u00a0\u00bb field_title=\u00a0\u00bbPr\u00e9nom\u00a0\u00bb fullwidth_field=\u00a0\u00bbon\u00a0\u00bb _builder_version=\u00a0\u00bb4.27.4&Prime; _module_preset=\u00a0\u00bbdefault\u00a0\u00bb global_colors_info=\u00a0\u00bb{}\u00a0\u00bb][\/et_pb_contact_field][et_pb_contact_field field_id=\u00a0\u00bbEmail\u00a0\u00bb field_title=\u00a0\u00bbAdresse e-mail\u00a0\u00bb field_type=\u00a0\u00bbemail\u00a0\u00bb _builder_version=\u00a0\u00bb4.16&Prime; global_colors_info=\u00a0\u00bb{}\u00a0\u00bb button_text_size__hover_enabled=\u00a0\u00bboff\u00a0\u00bb button_one_text_size__hover_enabled=\u00a0\u00bboff\u00a0\u00bb button_two_text_size__hover_enabled=\u00a0\u00bboff\u00a0\u00bb button_text_color__hover_enabled=\u00a0\u00bboff\u00a0\u00bb button_one_text_color__hover_enabled=\u00a0\u00bboff\u00a0\u00bb button_two_text_color__hover_enabled=\u00a0\u00bboff\u00a0\u00bb button_border_width__hover_enabled=\u00a0\u00bboff\u00a0\u00bb button_one_border_width__hover_enabled=\u00a0\u00bboff\u00a0\u00bb button_two_border_width__hover_enabled=\u00a0\u00bboff\u00a0\u00bb button_border_color__hover_enabled=\u00a0\u00bboff\u00a0\u00bb button_one_border_color__hover_enabled=\u00a0\u00bboff\u00a0\u00bb button_two_border_color__hover_enabled=\u00a0\u00bboff\u00a0\u00bb button_border_radius__hover_enabled=\u00a0\u00bboff\u00a0\u00bb button_one_border_radius__hover_enabled=\u00a0\u00bboff\u00a0\u00bb button_two_border_radius__hover_enabled=\u00a0\u00bboff\u00a0\u00bb button_letter_spacing__hover_enabled=\u00a0\u00bboff\u00a0\u00bb button_one_letter_spacing__hover_enabled=\u00a0\u00bboff\u00a0\u00bb button_two_letter_spacing__hover_enabled=\u00a0\u00bboff\u00a0\u00bb button_bg_color__hover_enabled=\u00a0\u00bboff\u00a0\u00bb button_one_bg_color__hover_enabled=\u00a0\u00bboff\u00a0\u00bb button_two_bg_color__hover_enabled=\u00a0\u00bboff\u00a0\u00bb][\/et_pb_contact_field][et_pb_contact_field field_id=\u00a0\u00bbMessage\u00a0\u00bb field_title=\u00a0\u00bbMessage\u00a0\u00bb field_type=\u00a0\u00bbtext\u00a0\u00bb fullwidth_field=\u00a0\u00bbon\u00a0\u00bb _builder_version=\u00a0\u00bb4.16&Prime; global_colors_info=\u00a0\u00bb{}\u00a0\u00bb button_text_size__hover_enabled=\u00a0\u00bboff\u00a0\u00bb button_one_text_size__hover_enabled=\u00a0\u00bboff\u00a0\u00bb button_two_text_size__hover_enabled=\u00a0\u00bboff\u00a0\u00bb button_text_color__hover_enabled=\u00a0\u00bboff\u00a0\u00bb button_one_text_color__hover_enabled=\u00a0\u00bboff\u00a0\u00bb button_two_text_color__hover_enabled=\u00a0\u00bboff\u00a0\u00bb button_border_width__hover_enabled=\u00a0\u00bboff\u00a0\u00bb button_one_border_width__hover_enabled=\u00a0\u00bboff\u00a0\u00bb button_two_border_width__hover_enabled=\u00a0\u00bboff\u00a0\u00bb button_border_color__hover_enabled=\u00a0\u00bboff\u00a0\u00bb button_one_border_color__hover_enabled=\u00a0\u00bboff\u00a0\u00bb button_two_border_color__hover_enabled=\u00a0\u00bboff\u00a0\u00bb button_border_radius__hover_enabled=\u00a0\u00bboff\u00a0\u00bb button_one_border_radius__hover_enabled=\u00a0\u00bboff\u00a0\u00bb button_two_border_radius__hover_enabled=\u00a0\u00bboff\u00a0\u00bb button_letter_spacing__hover_enabled=\u00a0\u00bboff\u00a0\u00bb button_one_letter_spacing__hover_enabled=\u00a0\u00bboff\u00a0\u00bb button_two_letter_spacing__hover_enabled=\u00a0\u00bboff\u00a0\u00bb button_bg_color__hover_enabled=\u00a0\u00bboff\u00a0\u00bb button_one_bg_color__hover_enabled=\u00a0\u00bboff\u00a0\u00bb button_two_bg_color__hover_enabled=\u00a0\u00bboff\u00a0\u00bb][\/et_pb_contact_field][et_pb_contact_field field_id=\u00a0\u00bbT\u00e9l\u00e9phone\u00a0\u00bb field_title=\u00a0\u00bbT\u00e9l\u00e9phone\u00a0\u00bb fullwidth_field=\u00a0\u00bbon\u00a0\u00bb _builder_version=\u00a0\u00bb4.27.4&Prime; _module_preset=\u00a0\u00bbdefault\u00a0\u00bb global_colors_info=\u00a0\u00bb{}\u00a0\u00bb][\/et_pb_contact_field][\/et_pb_contact_form][\/et_pb_column][et_pb_column type=\u00a0\u00bb1_2&Prime; _builder_version=\u00a0\u00bb4.16&Prime; _module_preset=\u00a0\u00bbdefault\u00a0\u00bb global_colors_info=\u00a0\u00bb{}\u00a0\u00bb][et_pb_button button_url=\u00a0\u00bbmailto:scenepodium@gmail.com\u00a0\u00bb button_text=\u00a0\u00bbscenepodium@gmail.com\u00a0\u00bb _builder_version=\u00a0\u00bb4.16&Prime; _module_preset=\u00a0\u00bbdefault\u00a0\u00bb custom_button=\u00a0\u00bbon\u00a0\u00bb button_text_color=\u00a0\u00bb#000000&Prime; button_border_width=\u00a0\u00bb0px\u00a0\u00bb button_border_radius=\u00a0\u00bb0px\u00a0\u00bb button_icon=\u00a0\u00bb&#xe076;||divi||400&Prime; button_icon_color=\u00a0\u00bb#000000&Prime; button_icon_placement=\u00a0\u00bbleft\u00a0\u00bb button_on_hover=\u00a0\u00bboff\u00a0\u00bb button_text_color_tablet=\u00a0\u00bb\u00a0\u00bb button_text_color_phone=\u00a0\u00bb#FFFFFF\u00a0\u00bb button_text_color_last_edited=\u00a0\u00bbon|phone\u00a0\u00bb button_icon_color_tablet=\u00a0\u00bb\u00a0\u00bb button_icon_color_phone=\u00a0\u00bb#FFFFFF\u00a0\u00bb button_icon_color_last_edited=\u00a0\u00bbon|phone\u00a0\u00bb global_colors_info=\u00a0\u00bb{}\u00a0\u00bb][\/et_pb_button][et_pb_button button_url=\u00a0\u00bbtel:0667034938&Prime; button_text=\u00a0\u00bb06 67 03 49 38&Prime; _builder_version=\u00a0\u00bb4.16&Prime; _module_preset=\u00a0\u00bbdefault\u00a0\u00bb custom_button=\u00a0\u00bbon\u00a0\u00bb button_text_color=\u00a0\u00bb#000000&Prime; button_border_width=\u00a0\u00bb0px\u00a0\u00bb button_border_radius=\u00a0\u00bb0px\u00a0\u00bb button_icon=\u00a0\u00bb&#xe090;||divi||400&Prime; button_icon_color=\u00a0\u00bb#000000&Prime; button_icon_placement=\u00a0\u00bbleft\u00a0\u00bb button_on_hover=\u00a0\u00bboff\u00a0\u00bb button_text_color_tablet=\u00a0\u00bb\u00a0\u00bb button_text_color_phone=\u00a0\u00bb#FFFFFF\u00a0\u00bb button_text_color_last_edited=\u00a0\u00bbon|phone\u00a0\u00bb button_icon_color_tablet=\u00a0\u00bb\u00a0\u00bb button_icon_color_phone=\u00a0\u00bb#FFFFFF\u00a0\u00bb button_icon_color_last_edited=\u00a0\u00bbon|phone\u00a0\u00bb global_colors_info=\u00a0\u00bb{}\u00a0\u00bb][\/et_pb_button][et_pb_button button_text=\u00a0\u00bbLundi au samedi : 8h30 &#8211; 19h00&Prime; _builder_version=\u00a0\u00bb4.16&Prime; _module_preset=\u00a0\u00bbdefault\u00a0\u00bb custom_button=\u00a0\u00bbon\u00a0\u00bb button_text_color=\u00a0\u00bb#000000&Prime; button_border_width=\u00a0\u00bb0px\u00a0\u00bb button_border_radius=\u00a0\u00bb0px\u00a0\u00bb button_icon=\u00a0\u00bb&#xe074;||divi||400&Prime; button_icon_color=\u00a0\u00bb#000000&Prime; button_icon_placement=\u00a0\u00bbleft\u00a0\u00bb button_on_hover=\u00a0\u00bboff\u00a0\u00bb button_text_color_tablet=\u00a0\u00bb\u00a0\u00bb button_text_color_phone=\u00a0\u00bb#FFFFFF\u00a0\u00bb button_text_color_last_edited=\u00a0\u00bbon|phone\u00a0\u00bb button_icon_color_tablet=\u00a0\u00bb\u00a0\u00bb button_icon_color_phone=\u00a0\u00bb#FFFFFF\u00a0\u00bb button_icon_color_last_edited=\u00a0\u00bbon|phone\u00a0\u00bb global_colors_info=\u00a0\u00bb{}\u00a0\u00bb][\/et_pb_button][\/et_pb_column][\/et_pb_row][\/et_pb_section]<\/p>\n","protected":false},"excerpt":{"rendered":"<p>Demande de renseignements<\/p>\n","protected":false},"author":1,"featured_media":512,"parent":0,"menu_order":0,"comment_status":"closed","ping_status":"closed","template":"","meta":{"_et_pb_use_builder":"on","_et_pb_old_content":"<!-- wp:divi\/placeholder \/-->","_et_gb_content_width":"","footnotes":""},"class_list":["post-19","page","type-page","status-publish","has-post-thumbnail","hentry"],"yoast_head":"<!-- This site is optimized with the Yoast SEO plugin v26.7 - https:\/\/yoast.com\/wordpress\/plugins\/seo\/ -->\n<title>Contact &amp; acc\u00e8s - Sc\u00e8ne-Podium.com<\/title>\n<meta name=\"description\" content=\"Contact &amp; acc\u00e8s. Vous souhaitez louer un camion podium ? Sc\u00e8ne Podium est le partenaire de vos \u00e9v\u00e8nements en France et au Portugal.\" \/>\n<meta name=\"robots\" content=\"index, follow, max-snippet:-1, max-image-preview:large, max-video-preview:-1\" \/>\n<link rel=\"canonical\" href=\"https:\/\/www.scenepodium.com\/?page_id=19\" \/>\n<meta property=\"og:locale\" content=\"fr_FR\" \/>\n<meta property=\"og:type\" content=\"article\" \/>\n<meta property=\"og:title\" content=\"Contact &amp; acc\u00e8s - Sc\u00e8ne-Podium.com\" \/>\n<meta property=\"og:description\" content=\"Contact &amp; acc\u00e8s. Vous souhaitez louer un camion podium ? Sc\u00e8ne Podium est le partenaire de vos \u00e9v\u00e8nements en France et au Portugal.\" \/>\n<meta property=\"og:url\" content=\"https:\/\/www.scenepodium.com\/?page_id=19\" \/>\n<meta property=\"og:site_name\" content=\"Sc\u00e8ne-Podium.com\" \/>\n<meta property=\"article:modified_time\" content=\"2025-01-16T13:00:53+00:00\" \/>\n<meta property=\"og:image\" content=\"https:\/\/www.scenepodium.com\/wp-content\/uploads\/2021\/09\/received_167632055518016-1.jpeg\" \/>\n\t<meta property=\"og:image:width\" content=\"400\" \/>\n\t<meta property=\"og:image:height\" content=\"370\" \/>\n\t<meta property=\"og:image:type\" content=\"image\/jpeg\" \/>\n<meta name=\"twitter:card\" content=\"summary_large_image\" \/>\n<meta name=\"twitter:label1\" content=\"Dur\u00e9e de lecture estim\u00e9e\" \/>\n\t<meta name=\"twitter:data1\" content=\"1 minute\" \/>\n<script type=\"application\/ld+json\" class=\"yoast-schema-graph\">{\"@context\":\"https:\/\/schema.org\",\"@graph\":[{\"@type\":\"WebPage\",\"@id\":\"https:\/\/www.scenepodium.com\/?page_id=19\",\"url\":\"https:\/\/www.scenepodium.com\/?page_id=19\",\"name\":\"Contact & acc\u00e8s - Sc\u00e8ne-Podium.com\",\"isPartOf\":{\"@id\":\"https:\/\/www.scenepodium.com\/#website\"},\"primaryImageOfPage\":{\"@id\":\"https:\/\/www.scenepodium.com\/?page_id=19#primaryimage\"},\"image\":{\"@id\":\"https:\/\/www.scenepodium.com\/?page_id=19#primaryimage\"},\"thumbnailUrl\":\"https:\/\/www.scenepodium.com\/wp-content\/uploads\/2021\/09\/received_167632055518016-1.jpeg\",\"datePublished\":\"2021-07-29T11:11:39+00:00\",\"dateModified\":\"2025-01-16T13:00:53+00:00\",\"description\":\"Contact & acc\u00e8s. Vous souhaitez louer un camion podium ? Sc\u00e8ne Podium est le partenaire de vos \u00e9v\u00e8nements en France et au Portugal.\",\"breadcrumb\":{\"@id\":\"https:\/\/www.scenepodium.com\/?page_id=19#breadcrumb\"},\"inLanguage\":\"fr-FR\",\"potentialAction\":[{\"@type\":\"ReadAction\",\"target\":[\"https:\/\/www.scenepodium.com\/?page_id=19\"]}]},{\"@type\":\"ImageObject\",\"inLanguage\":\"fr-FR\",\"@id\":\"https:\/\/www.scenepodium.com\/?page_id=19#primaryimage\",\"url\":\"https:\/\/www.scenepodium.com\/wp-content\/uploads\/2021\/09\/received_167632055518016-1.jpeg\",\"contentUrl\":\"https:\/\/www.scenepodium.com\/wp-content\/uploads\/2021\/09\/received_167632055518016-1.jpeg\",\"width\":400,\"height\":370},{\"@type\":\"BreadcrumbList\",\"@id\":\"https:\/\/www.scenepodium.com\/?page_id=19#breadcrumb\",\"itemListElement\":[{\"@type\":\"ListItem\",\"position\":1,\"name\":\"Accueil\",\"item\":\"https:\/\/www.scenepodium.com\/\"},{\"@type\":\"ListItem\",\"position\":2,\"name\":\"Contact &#038; acc\u00e8s\"}]},{\"@type\":\"WebSite\",\"@id\":\"https:\/\/www.scenepodium.com\/#website\",\"url\":\"https:\/\/www.scenepodium.com\/\",\"name\":\"Sc\u00e8ne-Podium.com\",\"description\":\"Le partenaire de vos \u00e9v\u00e8nements\",\"publisher\":{\"@id\":\"https:\/\/www.scenepodium.com\/#organization\"},\"potentialAction\":[{\"@type\":\"SearchAction\",\"target\":{\"@type\":\"EntryPoint\",\"urlTemplate\":\"https:\/\/www.scenepodium.com\/?s={search_term_string}\"},\"query-input\":{\"@type\":\"PropertyValueSpecification\",\"valueRequired\":true,\"valueName\":\"search_term_string\"}}],\"inLanguage\":\"fr-FR\"},{\"@type\":\"Organization\",\"@id\":\"https:\/\/www.scenepodium.com\/#organization\",\"name\":\"Sc\u00e8ne Podium\",\"url\":\"https:\/\/www.scenepodium.com\/\",\"logo\":{\"@type\":\"ImageObject\",\"inLanguage\":\"fr-FR\",\"@id\":\"https:\/\/www.scenepodium.com\/#\/schema\/logo\/image\/\",\"url\":\"https:\/\/www.scenepodium.com\/wp-content\/uploads\/2021\/09\/received_167632055518016-1.jpeg\",\"contentUrl\":\"https:\/\/www.scenepodium.com\/wp-content\/uploads\/2021\/09\/received_167632055518016-1.jpeg\",\"width\":400,\"height\":370,\"caption\":\"Sc\u00e8ne Podium\"},\"image\":{\"@id\":\"https:\/\/www.scenepodium.com\/#\/schema\/logo\/image\/\"}}]}<\/script>\n<!-- \/ Yoast SEO plugin. -->","yoast_head_json":{"title":"Contact & acc\u00e8s - Sc\u00e8ne-Podium.com","description":"Contact & acc\u00e8s. Vous souhaitez louer un camion podium ? Sc\u00e8ne Podium est le partenaire de vos \u00e9v\u00e8nements en France et au Portugal.","robots":{"index":"index","follow":"follow","max-snippet":"max-snippet:-1","max-image-preview":"max-image-preview:large","max-video-preview":"max-video-preview:-1"},"canonical":"https:\/\/www.scenepodium.com\/?page_id=19","og_locale":"fr_FR","og_type":"article","og_title":"Contact & acc\u00e8s - Sc\u00e8ne-Podium.com","og_description":"Contact & acc\u00e8s. Vous souhaitez louer un camion podium ? Sc\u00e8ne Podium est le partenaire de vos \u00e9v\u00e8nements en France et au Portugal.","og_url":"https:\/\/www.scenepodium.com\/?page_id=19","og_site_name":"Sc\u00e8ne-Podium.com","article_modified_time":"2025-01-16T13:00:53+00:00","og_image":[{"width":400,"height":370,"url":"https:\/\/www.scenepodium.com\/wp-content\/uploads\/2021\/09\/received_167632055518016-1.jpeg","type":"image\/jpeg"}],"twitter_card":"summary_large_image","twitter_misc":{"Dur\u00e9e de lecture estim\u00e9e":"1 minute"},"schema":{"@context":"https:\/\/schema.org","@graph":[{"@type":"WebPage","@id":"https:\/\/www.scenepodium.com\/?page_id=19","url":"https:\/\/www.scenepodium.com\/?page_id=19","name":"Contact & acc\u00e8s - Sc\u00e8ne-Podium.com","isPartOf":{"@id":"https:\/\/www.scenepodium.com\/#website"},"primaryImageOfPage":{"@id":"https:\/\/www.scenepodium.com\/?page_id=19#primaryimage"},"image":{"@id":"https:\/\/www.scenepodium.com\/?page_id=19#primaryimage"},"thumbnailUrl":"https:\/\/www.scenepodium.com\/wp-content\/uploads\/2021\/09\/received_167632055518016-1.jpeg","datePublished":"2021-07-29T11:11:39+00:00","dateModified":"2025-01-16T13:00:53+00:00","description":"Contact & acc\u00e8s. Vous souhaitez louer un camion podium ? Sc\u00e8ne Podium est le partenaire de vos \u00e9v\u00e8nements en France et au Portugal.","breadcrumb":{"@id":"https:\/\/www.scenepodium.com\/?page_id=19#breadcrumb"},"inLanguage":"fr-FR","potentialAction":[{"@type":"ReadAction","target":["https:\/\/www.scenepodium.com\/?page_id=19"]}]},{"@type":"ImageObject","inLanguage":"fr-FR","@id":"https:\/\/www.scenepodium.com\/?page_id=19#primaryimage","url":"https:\/\/www.scenepodium.com\/wp-content\/uploads\/2021\/09\/received_167632055518016-1.jpeg","contentUrl":"https:\/\/www.scenepodium.com\/wp-content\/uploads\/2021\/09\/received_167632055518016-1.jpeg","width":400,"height":370},{"@type":"BreadcrumbList","@id":"https:\/\/www.scenepodium.com\/?page_id=19#breadcrumb","itemListElement":[{"@type":"ListItem","position":1,"name":"Accueil","item":"https:\/\/www.scenepodium.com\/"},{"@type":"ListItem","position":2,"name":"Contact &#038; acc\u00e8s"}]},{"@type":"WebSite","@id":"https:\/\/www.scenepodium.com\/#website","url":"https:\/\/www.scenepodium.com\/","name":"Sc\u00e8ne-Podium.com","description":"Le partenaire de vos \u00e9v\u00e8nements","publisher":{"@id":"https:\/\/www.scenepodium.com\/#organization"},"potentialAction":[{"@type":"SearchAction","target":{"@type":"EntryPoint","urlTemplate":"https:\/\/www.scenepodium.com\/?s={search_term_string}"},"query-input":{"@type":"PropertyValueSpecification","valueRequired":true,"valueName":"search_term_string"}}],"inLanguage":"fr-FR"},{"@type":"Organization","@id":"https:\/\/www.scenepodium.com\/#organization","name":"Sc\u00e8ne Podium","url":"https:\/\/www.scenepodium.com\/","logo":{"@type":"ImageObject","inLanguage":"fr-FR","@id":"https:\/\/www.scenepodium.com\/#\/schema\/logo\/image\/","url":"https:\/\/www.scenepodium.com\/wp-content\/uploads\/2021\/09\/received_167632055518016-1.jpeg","contentUrl":"https:\/\/www.scenepodium.com\/wp-content\/uploads\/2021\/09\/received_167632055518016-1.jpeg","width":400,"height":370,"caption":"Sc\u00e8ne Podium"},"image":{"@id":"https:\/\/www.scenepodium.com\/#\/schema\/logo\/image\/"}}]}},"_links":{"self":[{"href":"https:\/\/www.scenepodium.com\/index.php?rest_route=\/wp\/v2\/pages\/19","targetHints":{"allow":["GET"]}}],"collection":[{"href":"https:\/\/www.scenepodium.com\/index.php?rest_route=\/wp\/v2\/pages"}],"about":[{"href":"https:\/\/www.scenepodium.com\/index.php?rest_route=\/wp\/v2\/types\/page"}],"author":[{"embeddable":true,"href":"https:\/\/www.scenepodium.com\/index.php?rest_route=\/wp\/v2\/users\/1"}],"replies":[{"embeddable":true,"href":"https:\/\/www.scenepodium.com\/index.php?rest_route=%2Fwp%2Fv2%2Fcomments&post=19"}],"version-history":[{"count":47,"href":"https:\/\/www.scenepodium.com\/index.php?rest_route=\/wp\/v2\/pages\/19\/revisions"}],"predecessor-version":[{"id":972,"href":"https:\/\/www.scenepodium.com\/index.php?rest_route=\/wp\/v2\/pages\/19\/revisions\/972"}],"wp:featuredmedia":[{"embeddable":true,"href":"https:\/\/www.scenepodium.com\/index.php?rest_route=\/wp\/v2\/media\/512"}],"wp:attachment":[{"href":"https:\/\/www.scenepodium.com\/index.php?rest_route=%2Fwp%2Fv2%2Fmedia&parent=19"}],"curies":[{"name":"wp","href":"https:\/\/api.w.org\/{rel}","templated":true}]}}