{"id":14,"date":"2021-07-29T13:09:12","date_gmt":"2021-07-29T11:09:12","guid":{"rendered":"https:\/\/www.scenepodium.com\/?page_id=14"},"modified":"2022-02-09T13:43:28","modified_gmt":"2022-02-09T12:43:28","slug":"galerie-photos","status":"publish","type":"page","link":"https:\/\/www.scenepodium.com\/?page_id=14","title":{"rendered":"Galerie"},"content":{"rendered":"<p>[et_pb_section fb_built=\u00a0\u00bb1&Prime; _builder_version=\u00a0\u00bb4.9.10&Prime; _module_preset=\u00a0\u00bbdefault\u00a0\u00bb background_enable_image=\u00a0\u00bboff\u00a0\u00bb][et_pb_row custom_padding_last_edited=\u00a0\u00bbon|phone\u00a0\u00bb _builder_version=\u00a0\u00bb4.9.10&Prime; _module_preset=\u00a0\u00bbdefault\u00a0\u00bb background_image=\u00a0\u00bbhttps:\/\/www.scenepodium.com\/wp-content\/uploads\/2021\/07\/pablo-de-la-fuente-UvCYBOZfndM-unsplash-scaled.jpg\u00a0\u00bb width=\u00a0\u00bb100%\u00a0\u00bb max_width=\u00a0\u00bb100%\u00a0\u00bb custom_padding=\u00a0\u00bb106px|||||\u00a0\u00bb custom_padding_tablet=\u00a0\u00bb\u00a0\u00bb custom_padding_phone=\u00a0\u00bb60px||0px||false|false\u00a0\u00bb][et_pb_column type=\u00a0\u00bb4_4&Prime; _builder_version=\u00a0\u00bb4.9.10&Prime; _module_preset=\u00a0\u00bbdefault\u00a0\u00bb][et_pb_text _builder_version=\u00a0\u00bb4.9.10&Prime; _module_preset=\u00a0\u00bbdefault\u00a0\u00bb header_font=\u00a0\u00bb|600|||||||\u00a0\u00bb header_text_align=\u00a0\u00bbcenter\u00a0\u00bb header_text_color=\u00a0\u00bb#FFFFFF\u00a0\u00bb header_font_size=\u00a0\u00bb70px\u00a0\u00bb custom_margin=\u00a0\u00bb3px||86px|||\u00a0\u00bb header_font_size_tablet=\u00a0\u00bb\u00a0\u00bb header_font_size_phone=\u00a0\u00bb50px\u00a0\u00bb header_font_size_last_edited=\u00a0\u00bbon|phone\u00a0\u00bb]<\/p>\n<h1>Galerie photos<\/h1>\n<p>[\/et_pb_text][\/et_pb_column][\/et_pb_row][et_pb_row _builder_version=\u00a0\u00bb4.9.10&Prime; _module_preset=\u00a0\u00bbdefault\u00a0\u00bb][et_pb_column type=\u00a0\u00bb4_4&Prime; _builder_version=\u00a0\u00bb4.9.10&Prime; _module_preset=\u00a0\u00bbdefault\u00a0\u00bb][et_pb_code _builder_version=\u00a0\u00bb4.9.10&Prime; _module_preset=\u00a0\u00bbdefault\u00a0\u00bb hover_enabled=\u00a0\u00bb0&Prime; sticky_enabled=\u00a0\u00bb0&Prime;]<!-- [et_pb_line_break_holder] -->[\/et_pb_code][\/et_pb_column][\/et_pb_row][\/et_pb_section]<\/p>\n","protected":false},"excerpt":{"rendered":"<p>Galerie photos<\/p>\n","protected":false},"author":1,"featured_media":0,"parent":0,"menu_order":0,"comment_status":"closed","ping_status":"closed","template":"","meta":{"_et_pb_use_builder":"on","_et_pb_old_content":"","_et_gb_content_width":"","footnotes":""},"class_list":["post-14","page","type-page","status-publish","hentry"],"yoast_head":"<!-- This site is optimized with the Yoast SEO plugin v26.7 - https:\/\/yoast.com\/wordpress\/plugins\/seo\/ -->\n<title>Galerie Photos - Sc\u00e8ne-Podium.com<\/title>\n<meta name=\"description\" content=\"Galerie Photos. Sc\u00e8ne Podium, le partenaire de vos \u00e9v\u00e8nements. Location de camion et remorque sc\u00e8nes. En France et au Portugal.\" \/>\n<meta name=\"robots\" content=\"index, follow, max-snippet:-1, max-image-preview:large, max-video-preview:-1\" \/>\n<link rel=\"canonical\" href=\"https:\/\/www.scenepodium.com\/?page_id=14\" \/>\n<meta property=\"og:locale\" content=\"fr_FR\" \/>\n<meta property=\"og:type\" content=\"article\" \/>\n<meta property=\"og:title\" content=\"Galerie Photos - Sc\u00e8ne-Podium.com\" \/>\n<meta property=\"og:description\" content=\"Galerie Photos. Sc\u00e8ne Podium, le partenaire de vos \u00e9v\u00e8nements. Location de camion et remorque sc\u00e8nes. En France et au Portugal.\" \/>\n<meta property=\"og:url\" content=\"https:\/\/www.scenepodium.com\/?page_id=14\" \/>\n<meta property=\"og:site_name\" content=\"Sc\u00e8ne-Podium.com\" \/>\n<meta property=\"article:modified_time\" content=\"2022-02-09T12:43:28+00:00\" \/>\n<meta name=\"twitter:card\" content=\"summary_large_image\" \/>\n<meta name=\"twitter:label1\" content=\"Dur\u00e9e de lecture estim\u00e9e\" \/>\n\t<meta name=\"twitter:data1\" content=\"1 minute\" \/>\n<script type=\"application\/ld+json\" class=\"yoast-schema-graph\">{\"@context\":\"https:\/\/schema.org\",\"@graph\":[{\"@type\":\"WebPage\",\"@id\":\"https:\/\/www.scenepodium.com\/?page_id=14\",\"url\":\"https:\/\/www.scenepodium.com\/?page_id=14\",\"name\":\"Galerie Photos - Sc\u00e8ne-Podium.com\",\"isPartOf\":{\"@id\":\"https:\/\/www.scenepodium.com\/#website\"},\"datePublished\":\"2021-07-29T11:09:12+00:00\",\"dateModified\":\"2022-02-09T12:43:28+00:00\",\"description\":\"Galerie Photos. Sc\u00e8ne Podium, le partenaire de vos \u00e9v\u00e8nements. Location de camion et remorque sc\u00e8nes. En France et au Portugal.\",\"breadcrumb\":{\"@id\":\"https:\/\/www.scenepodium.com\/?page_id=14#breadcrumb\"},\"inLanguage\":\"fr-FR\",\"potentialAction\":[{\"@type\":\"ReadAction\",\"target\":[\"https:\/\/www.scenepodium.com\/?page_id=14\"]}]},{\"@type\":\"BreadcrumbList\",\"@id\":\"https:\/\/www.scenepodium.com\/?page_id=14#breadcrumb\",\"itemListElement\":[{\"@type\":\"ListItem\",\"position\":1,\"name\":\"Accueil\",\"item\":\"https:\/\/www.scenepodium.com\/\"},{\"@type\":\"ListItem\",\"position\":2,\"name\":\"Galerie\"}]},{\"@type\":\"WebSite\",\"@id\":\"https:\/\/www.scenepodium.com\/#website\",\"url\":\"https:\/\/www.scenepodium.com\/\",\"name\":\"Sc\u00e8ne-Podium.com\",\"description\":\"Le partenaire de vos \u00e9v\u00e8nements\",\"publisher\":{\"@id\":\"https:\/\/www.scenepodium.com\/#organization\"},\"potentialAction\":[{\"@type\":\"SearchAction\",\"target\":{\"@type\":\"EntryPoint\",\"urlTemplate\":\"https:\/\/www.scenepodium.com\/?s={search_term_string}\"},\"query-input\":{\"@type\":\"PropertyValueSpecification\",\"valueRequired\":true,\"valueName\":\"search_term_string\"}}],\"inLanguage\":\"fr-FR\"},{\"@type\":\"Organization\",\"@id\":\"https:\/\/www.scenepodium.com\/#organization\",\"name\":\"Sc\u00e8ne Podium\",\"url\":\"https:\/\/www.scenepodium.com\/\",\"logo\":{\"@type\":\"ImageObject\",\"inLanguage\":\"fr-FR\",\"@id\":\"https:\/\/www.scenepodium.com\/#\/schema\/logo\/image\/\",\"url\":\"https:\/\/www.scenepodium.com\/wp-content\/uploads\/2021\/09\/received_167632055518016-1.jpeg\",\"contentUrl\":\"https:\/\/www.scenepodium.com\/wp-content\/uploads\/2021\/09\/received_167632055518016-1.jpeg\",\"width\":400,\"height\":370,\"caption\":\"Sc\u00e8ne Podium\"},\"image\":{\"@id\":\"https:\/\/www.scenepodium.com\/#\/schema\/logo\/image\/\"}}]}<\/script>\n<!-- \/ Yoast SEO plugin. -->","yoast_head_json":{"title":"Galerie Photos - Sc\u00e8ne-Podium.com","description":"Galerie Photos. Sc\u00e8ne Podium, le partenaire de vos \u00e9v\u00e8nements. Location de camion et remorque sc\u00e8nes. En France et au Portugal.","robots":{"index":"index","follow":"follow","max-snippet":"max-snippet:-1","max-image-preview":"max-image-preview:large","max-video-preview":"max-video-preview:-1"},"canonical":"https:\/\/www.scenepodium.com\/?page_id=14","og_locale":"fr_FR","og_type":"article","og_title":"Galerie Photos - Sc\u00e8ne-Podium.com","og_description":"Galerie Photos. Sc\u00e8ne Podium, le partenaire de vos \u00e9v\u00e8nements. Location de camion et remorque sc\u00e8nes. En France et au Portugal.","og_url":"https:\/\/www.scenepodium.com\/?page_id=14","og_site_name":"Sc\u00e8ne-Podium.com","article_modified_time":"2022-02-09T12:43:28+00:00","twitter_card":"summary_large_image","twitter_misc":{"Dur\u00e9e de lecture estim\u00e9e":"1 minute"},"schema":{"@context":"https:\/\/schema.org","@graph":[{"@type":"WebPage","@id":"https:\/\/www.scenepodium.com\/?page_id=14","url":"https:\/\/www.scenepodium.com\/?page_id=14","name":"Galerie Photos - Sc\u00e8ne-Podium.com","isPartOf":{"@id":"https:\/\/www.scenepodium.com\/#website"},"datePublished":"2021-07-29T11:09:12+00:00","dateModified":"2022-02-09T12:43:28+00:00","description":"Galerie Photos. Sc\u00e8ne Podium, le partenaire de vos \u00e9v\u00e8nements. Location de camion et remorque sc\u00e8nes. En France et au Portugal.","breadcrumb":{"@id":"https:\/\/www.scenepodium.com\/?page_id=14#breadcrumb"},"inLanguage":"fr-FR","potentialAction":[{"@type":"ReadAction","target":["https:\/\/www.scenepodium.com\/?page_id=14"]}]},{"@type":"BreadcrumbList","@id":"https:\/\/www.scenepodium.com\/?page_id=14#breadcrumb","itemListElement":[{"@type":"ListItem","position":1,"name":"Accueil","item":"https:\/\/www.scenepodium.com\/"},{"@type":"ListItem","position":2,"name":"Galerie"}]},{"@type":"WebSite","@id":"https:\/\/www.scenepodium.com\/#website","url":"https:\/\/www.scenepodium.com\/","name":"Sc\u00e8ne-Podium.com","description":"Le partenaire de vos \u00e9v\u00e8nements","publisher":{"@id":"https:\/\/www.scenepodium.com\/#organization"},"potentialAction":[{"@type":"SearchAction","target":{"@type":"EntryPoint","urlTemplate":"https:\/\/www.scenepodium.com\/?s={search_term_string}"},"query-input":{"@type":"PropertyValueSpecification","valueRequired":true,"valueName":"search_term_string"}}],"inLanguage":"fr-FR"},{"@type":"Organization","@id":"https:\/\/www.scenepodium.com\/#organization","name":"Sc\u00e8ne Podium","url":"https:\/\/www.scenepodium.com\/","logo":{"@type":"ImageObject","inLanguage":"fr-FR","@id":"https:\/\/www.scenepodium.com\/#\/schema\/logo\/image\/","url":"https:\/\/www.scenepodium.com\/wp-content\/uploads\/2021\/09\/received_167632055518016-1.jpeg","contentUrl":"https:\/\/www.scenepodium.com\/wp-content\/uploads\/2021\/09\/received_167632055518016-1.jpeg","width":400,"height":370,"caption":"Sc\u00e8ne Podium"},"image":{"@id":"https:\/\/www.scenepodium.com\/#\/schema\/logo\/image\/"}}]}},"_links":{"self":[{"href":"https:\/\/www.scenepodium.com\/index.php?rest_route=\/wp\/v2\/pages\/14","targetHints":{"allow":["GET"]}}],"collection":[{"href":"https:\/\/www.scenepodium.com\/index.php?rest_route=\/wp\/v2\/pages"}],"about":[{"href":"https:\/\/www.scenepodium.com\/index.php?rest_route=\/wp\/v2\/types\/page"}],"author":[{"embeddable":true,"href":"https:\/\/www.scenepodium.com\/index.php?rest_route=\/wp\/v2\/users\/1"}],"replies":[{"embeddable":true,"href":"https:\/\/www.scenepodium.com\/index.php?rest_route=%2Fwp%2Fv2%2Fcomments&post=14"}],"version-history":[{"count":47,"href":"https:\/\/www.scenepodium.com\/index.php?rest_route=\/wp\/v2\/pages\/14\/revisions"}],"predecessor-version":[{"id":585,"href":"https:\/\/www.scenepodium.com\/index.php?rest_route=\/wp\/v2\/pages\/14\/revisions\/585"}],"wp:attachment":[{"href":"https:\/\/www.scenepodium.com\/index.php?rest_route=%2Fwp%2Fv2%2Fmedia&parent=14"}],"curies":[{"name":"wp","href":"https:\/\/api.w.org\/{rel}","templated":true}]}}